{"id":130,"date":"2018-05-24T07:25:34","date_gmt":"2018-05-24T05:25:34","guid":{"rendered":"http:\/\/www.djfiks.de\/?page_id=130"},"modified":"2026-02-18T11:33:39","modified_gmt":"2026-02-18T10:33:39","slug":"impressum","status":"publish","type":"page","link":"https:\/\/www.djfiks.de\/en\/impressum\/","title":{"rendered":"Impressum"},"content":{"rendered":"<p class=\"p1\"><b>Angaben gem\u00e4\u00df \u00a7 5 TMG<\/b><b><\/b><\/p>\n<p class=\"p3\">Malte Ortmann<\/p>\n<p class=\"p3\">Gothaer Str. 5<\/p>\n<p class=\"p3\">10823 Berlin<\/p>\n<p class=\"p3\">Telefon: 0177 637 50 41<\/p>\n<p class=\"p3\">E-Mail: contact@djfiks.de<\/p>\n<p class=\"p3\">Umsatzsteuer-Identifikationsnummer gem\u00e4\u00df \u00a7 27a UStG:<\/p>\n<p class=\"p3\">DE288171399<\/p>\n<hr \/>\n<p class=\"p1\"><b>Verantwortlich f\u00fcr den Inhalt nach \u00a7 18 Abs. 2 MStV:<\/b><b><\/b><\/p>\n<p class=\"p3\">Malte Ortmann<\/p>\n<p class=\"p3\">Gothaer Str. 5<\/p>\n<p class=\"p3\">10823 Berlin<\/p>\n<hr \/>\n<p class=\"p1\"><b>Berufshaftpflichtversicherung:<\/b><b><\/b><\/p>\n<p class=\"p3\">W\u00fcrttembergische Versicherung AG<\/p>\n<p class=\"p3\">Holzhauserstr. 177<\/p>\n<p class=\"p3\">13509 Berlin<\/p>\n<p class=\"p3\">R\u00e4umlicher Geltungsbereich: Deutschland<\/p>\n<hr \/>\n<p class=\"p1\"><b>EU-Streitschlichtung<\/b><b><\/b><\/p>\n<p class=\"p3\">Die Europ\u00e4ische Kommission stellt eine Plattform zur Online-Streitbeilegung (OS) bereit:<\/p>\n<p class=\"p3\"><a href=\"https:\/\/ec.europa.eu\/odr\">https:\/\/ec.europa.eu\/odr<\/a><\/p>\n<p class=\"p3\">Wir sind nicht verpflichtet und nicht bereit, an Streitbeilegungsverfahren vor einer Verbraucherschlichtungsstelle teilzunehmen.<\/p>\n<hr \/>\n<p class=\"p1\"><b>Haftung f\u00fcr Links<\/b><b><\/b><\/p>\n<p class=\"p3\">F\u00fcr die Inhalte externer Links \u00fcbernehmen wir keine Haftung. F\u00fcr den Inhalt der verlinkten Seiten sind ausschlie\u00dflich deren Betreiber verantwortlich.<\/p>\n<hr \/>\n<p class=\"p1\"><b>Urheberrecht<\/b><b><\/b><\/p>\n<p class=\"p3\">Alle Texte, Bilder, Grafiken und Layouts unterliegen dem Urheberrecht. Jede Vervielf\u00e4ltigung oder Verwendung bedarf der vorherigen schriftlichen Zustimmung.<\/p>","protected":false},"excerpt":{"rendered":"<p>Angaben gem\u00e4\u00df \u00a7 5 TMG Malte Ortmann Gothaer Str. 5<\/p>","protected":false},"author":1,"featured_media":0,"parent":0,"menu_order":0,"comment_status":"closed","ping_status":"closed","template":"","meta":{"_bbp_topic_count":0,"_bbp_reply_count":0,"_bbp_total_topic_count":0,"_bbp_total_reply_count":0,"_bbp_voice_count":0,"_bbp_anonymous_reply_count":0,"_bbp_topic_count_hidden":0,"_bbp_reply_count_hidden":0,"_bbp_forum_subforum_count":0,"footnotes":""},"class_list":["post-130","page","type-page","status-publish","hentry"],"yoast_head":"<!-- This site is optimized with the Yoast SEO plugin v27.4 - https:\/\/yoast.com\/product\/yoast-seo-wordpress\/ -->\n<title>Impressum - DJ FIKS<\/title>\n<meta name=\"robots\" content=\"index, follow, max-snippet:-1, max-image-preview:large, max-video-preview:-1\" \/>\n<link rel=\"canonical\" href=\"https:\/\/www.djfiks.de\/en\/impressum\/\" \/>\n<meta property=\"og:locale\" content=\"en_US\" \/>\n<meta property=\"og:type\" content=\"article\" \/>\n<meta property=\"og:title\" content=\"Impressum - DJ FIKS\" \/>\n<meta property=\"og:description\" content=\"Angaben gem\u00e4\u00df \u00a7 5 TMG Malte Ortmann Gothaer Str. 5\" \/>\n<meta property=\"og:url\" content=\"https:\/\/www.djfiks.de\/en\/impressum\/\" \/>\n<meta property=\"og:site_name\" content=\"DJ FIKS\" \/>\n<meta property=\"article:modified_time\" content=\"2026-02-18T10:33:39+00:00\" \/>\n<meta name=\"twitter:card\" content=\"summary_large_image\" \/>\n<meta name=\"twitter:label1\" content=\"Est. reading time\" \/>\n\t<meta name=\"twitter:data1\" content=\"1 minute\" \/>\n<!-- \/ Yoast SEO plugin. -->","yoast_head_json":{"title":"Impressum - DJ FIKS","robots":{"index":"index","follow":"follow","max-snippet":"max-snippet:-1","max-image-preview":"max-image-preview:large","max-video-preview":"max-video-preview:-1"},"canonical":"https:\/\/www.djfiks.de\/en\/impressum\/","og_locale":"en_US","og_type":"article","og_title":"Impressum - DJ FIKS","og_description":"Angaben gem\u00e4\u00df \u00a7 5 TMG Malte Ortmann Gothaer Str. 5","og_url":"https:\/\/www.djfiks.de\/en\/impressum\/","og_site_name":"DJ FIKS","article_modified_time":"2026-02-18T10:33:39+00:00","twitter_card":"summary_large_image","twitter_misc":{"Est. reading time":"1 minute"},"schema":{"@context":"https:\/\/schema.org","@graph":[{"@type":"WebPage","@id":"https:\/\/www.djfiks.de\/impressum\/","url":"https:\/\/www.djfiks.de\/impressum\/","name":"Impressum - DJ FIKS","isPartOf":{"@id":"https:\/\/www.djfiks.de\/#website"},"datePublished":"2018-05-24T05:25:34+00:00","dateModified":"2026-02-18T10:33:39+00:00","breadcrumb":{"@id":"https:\/\/www.djfiks.de\/impressum\/#breadcrumb"},"inLanguage":"en-US","potentialAction":[{"@type":"ReadAction","target":["https:\/\/www.djfiks.de\/impressum\/"]}]},{"@type":"BreadcrumbList","@id":"https:\/\/www.djfiks.de\/impressum\/#breadcrumb","itemListElement":[{"@type":"ListItem","position":1,"name":"Startseite","item":"https:\/\/www.djfiks.de\/"},{"@type":"ListItem","position":2,"name":"Impressum"}]},{"@type":"WebSite","@id":"https:\/\/www.djfiks.de\/#website","url":"https:\/\/www.djfiks.de\/","name":"DJ FIKS","description":"DJ aus Berlin f\u00fcr Events aller Art","potentialAction":[{"@type":"SearchAction","target":{"@type":"EntryPoint","urlTemplate":"https:\/\/www.djfiks.de\/?s={search_term_string}"},"query-input":{"@type":"PropertyValueSpecification","valueRequired":true,"valueName":"search_term_string"}}],"inLanguage":"en-US"}]}},"_links":{"self":[{"href":"https:\/\/www.djfiks.de\/en\/wp-json\/wp\/v2\/pages\/130","targetHints":{"allow":["GET"]}}],"collection":[{"href":"https:\/\/www.djfiks.de\/en\/wp-json\/wp\/v2\/pages"}],"about":[{"href":"https:\/\/www.djfiks.de\/en\/wp-json\/wp\/v2\/types\/page"}],"author":[{"embeddable":true,"href":"https:\/\/www.djfiks.de\/en\/wp-json\/wp\/v2\/users\/1"}],"replies":[{"embeddable":true,"href":"https:\/\/www.djfiks.de\/en\/wp-json\/wp\/v2\/comments?post=130"}],"version-history":[{"count":7,"href":"https:\/\/www.djfiks.de\/en\/wp-json\/wp\/v2\/pages\/130\/revisions"}],"predecessor-version":[{"id":240,"href":"https:\/\/www.djfiks.de\/en\/wp-json\/wp\/v2\/pages\/130\/revisions\/240"}],"wp:attachment":[{"href":"https:\/\/www.djfiks.de\/en\/wp-json\/wp\/v2\/media?parent=130"}],"curies":[{"name":"wp","href":"https:\/\/api.w.org\/{rel}","templated":true}]}}