{"id":41,"date":"2017-02-11T15:20:44","date_gmt":"2017-02-11T14:20:44","guid":{"rendered":"http:\/\/www.djfiks.de\/?page_id=41"},"modified":"2026-02-23T09:47:34","modified_gmt":"2026-02-23T08:47:34","slug":"about","status":"publish","type":"page","link":"https:\/\/www.djfiks.de\/en\/","title":{"rendered":"DJ FIKS"},"content":{"rendered":"<div class=\"fusion-fullwidth fullwidth-box fusion-builder-row-1 fusion-flex-container nonhundred-percent-fullwidth non-hundred-percent-height-scrolling\" style=\"--awb-border-radius-top-left:0px;--awb-border-radius-top-right:0px;--awb-border-radius-bottom-right:0px;--awb-border-radius-bottom-left:0px;--awb-flex-wrap:wrap;\" ><div class=\"fusion-builder-row fusion-row fusion-flex-align-items-flex-start fusion-flex-content-wrap\" style=\"max-width:1185.6px;margin-left: calc(-4% \/ 2 );margin-right: calc(-4% \/ 2 );\"><div class=\"fusion-layout-column fusion_builder_column fusion-builder-column-0 fusion_builder_column_1_1 1_1 fusion-flex-column\" style=\"--awb-bg-size:cover;--awb-width-large:100%;--awb-margin-top-large:0px;--awb-spacing-right-large:1.92%;--awb-margin-bottom-large:0px;--awb-spacing-left-large:1.92%;--awb-width-medium:100%;--awb-spacing-right-medium:1.92%;--awb-spacing-left-medium:1.92%;--awb-width-small:100%;--awb-spacing-right-small:1.92%;--awb-spacing-left-small:1.92%;\"><div class=\"fusion-column-wrapper fusion-flex-justify-content-flex-start fusion-content-layout-column\"><div class=\"fusion-text fusion-text-1\" style=\"--awb-text-transform:none;\"><p><strong><a href=\"http:\/\/www.djfiks.de\/wp-content\/uploads\/2017\/02\/dj-fiks.jpg\"><img decoding=\"async\" class=\"size-full wp-image-60 alignright\" src=\"http:\/\/www.djfiks.de\/wp-content\/uploads\/2017\/02\/dj-fiks.jpg\" alt=\"\" width=\"300\" height=\"260\" \/><\/a>DJ FIKS aus Berlin sorgt mit seinem einzigartigen Gesp\u00fcr f\u00fcr den richtigen Song zur richtigen Zeit f\u00fcr Begeisterung und kochende Tanzfl\u00e4chen.<\/strong><\/p>\n<p><strong>Er legt einen unvergleichlichen, genre\u00fcbergreifenden Mix aus All-Time-Favourites und aktuellen Hits auf. Durch seine herausragende musikalische Mischung und eindrucksvolle technische Skills sorgt er f\u00fcr unvergessene Events, die G\u00e4ste oft als \u201c The Best Party of my Life \u201c bezeichnen.<\/strong><\/p>\n<p>Seine professionelle DJ Karriere begann mit der K\u00fcr zum \u201cCoke DJ Culture Rookie of the Year\u201c im Jahr 2006. Er setzte sich gegen 500 DJ\u00b4s aus ganz Deutschland durch und begleitete in diesem Zusammenhang u.a. die DJ Legende und Grammy Award Gewinner DJ JAZZY JEFF als Supportact auf Deutschlandtour..<\/p>\n<p>Sein erfolgreicher Weg setzte sich seitdem stetig fort, zu seinen Stationen z\u00e4hlen Clubs in ganz Europa, Messen wie z.B. die Bread &amp; Butter und gro\u00dfe Brandevents wie z.B. von Eastpak, AOK und J\u00e4germeister. Auf Grund seiner Vielseitigkeit und seiner au\u00dfergew\u00f6hnlichen Liveperformance buchen ihn Veranstalter f\u00fcr deutschlandweite Festivals (z.B. Rock am Ring, Splash, Deichbrand), Events und Medienspektakel wie z.B. die Echo-Aftershowparty in Berlin.<\/p>\n<p class=\"p1\">F\u00fcr exklusive Hochzeiten hat sich DJ FIKS mit dem spezialisierten Angebot von <a href=\"https:\/\/www.hochzeitsdjs.berlin\/\">Hochzeits DJs Berlin<\/a> klar auf stilvolle Premium-Feiern fokussiert, w\u00e4hrend f\u00fcr hochwertige Firmenveranstaltungen und Galas die Plattform <a href=\"https:\/\/www.eventdjs.berlin\/\">Event DJs Berlin<\/a> das professionelle Business-Segment abbildet.<\/p>\n<h3>Referenzen:<\/h3>\n<p><a href=\"http:\/\/www.djfiks.de\/wp-content\/uploads\/2017\/02\/logos-2.png\"><img decoding=\"async\" class=\"aligncenter wp-image-43 size-full\" src=\"http:\/\/www.djfiks.de\/wp-content\/uploads\/2017\/02\/logos-2.png\" width=\"630\" height=\"70\" srcset=\"https:\/\/www.djfiks.de\/wp-content\/uploads\/2017\/02\/logos-2-300x33.png 300w, https:\/\/www.djfiks.de\/wp-content\/uploads\/2017\/02\/logos-2.png 630w\" sizes=\"(max-width: 630px) 100vw, 630px\" \/><\/a><\/p>\n<h1><\/h1>\n<p>Chanel International Sales Meeting, Echo Charity Dinner, Schr\u00f6der &amp; Sch\u00f6mbs Weihnachtsfeier, J\u00e4germeister \u201eWe are Family\u201c, Boss Hoss Aftershow Party, J\u00e4germeister Wolfenb\u00fcttler Festplatz Aftershow Party, Hama \/ Eastpak \u2013 IFA after Fair Party, AOK Schulmeister Finale, Echo Aftershow Party, ADAC Jahresauftaktveranstaltung, Desperados Rebelution, Desperados Rebels Night, Coke DJ-Culture Contest winner \u201cRookie of the Year 2006\u2033, Coke Soundwave (Istanbul), Eastpak Artist-Studio, Eastpak Fashion Week Afretshow Party, Bread &amp; Butter Eastpak Party, Messe Berlin Sommerfest, Culcha Candela Platin\/Gold Verleihnug, PUMA WM Pre-opening, Deichbrand Festival Aftershow Party uvm\u2026<\/p>\n<p>Festivals:<\/p>\n<p><a href=\"http:\/\/www.djfiks.de\/wp-content\/uploads\/2017\/02\/logos-festivals.png\"><img decoding=\"async\" class=\"aligncenter wp-image-44 size-full\" src=\"http:\/\/www.djfiks.de\/wp-content\/uploads\/2017\/02\/logos-festivals.png\" width=\"630\" height=\"170\" srcset=\"https:\/\/www.djfiks.de\/wp-content\/uploads\/2017\/02\/logos-festivals-300x81.png 300w, https:\/\/www.djfiks.de\/wp-content\/uploads\/2017\/02\/logos-festivals.png 630w\" sizes=\"(max-width: 630px) 100vw, 630px\" \/><\/a><\/p>\n<p>Splash! Festival, Deichbrand, Rock am Ring, Southside, With Full Force, Sputnik Spring Break, Love Family Park, Sea Of Love, Nature One, Sonne Mond Sterne, Wacken,\u00a0 Chiemsee Reggae Summer, Rock\u00b4n Coke Soundwave Festival (Istanbul) uvm\u2026<\/p>\n<p>Clubs:<\/p>\n<p>Volkshaus Solothurn (CH), Orient Club (Schaffhausen\/CH), Club Eleven (Solothurn\/CH), VAZ St. (P\u00f6lten\/CH), Pure (Stuttgart), Bounce 87 (Leipzig), Brauclub (Chemnitz), Wagenbau (Hamburg), Planet (Bochum), Rocker 33 (Stuttgart), Move Club (Dessau), Loftkitchen (M\u00fcnchen), Lindenbrauerei (Unna), Discothek Flash (Bad K\u00f6tzing), W3 (Sennfeld), Beatclub (Dessau), Club Zirkel (Erlangen), Frida (Essen), Club Beate (Essen), Vucano (Passau), Living-MK (Iserlohn), Savoy (G\u00f6ttingen), Nightrooms (D\u00fcsseldorf), Musikpark (Wackersdorf), PaderHalle (Bochum), Planetdance (N\u00fcrnberg), SoundGarden (Hamm), DoX (Tischenreuth), Rainbow (Knetzgau) uvm\u2026<\/p>\n<p>Locations Berlin:<\/p>\n<p>Ritz Carlton, Hotel Interkontinental, Ramada Hotel, Caf\u00e9 Moskau, Picknick, Spindler &amp; Klatt, Showtime, Cassiopeia, Lauschgift, Maria am Ostbahnhof, Pfefferberg, Tresor, Roadrunners Paradise, Kulturbrauerei, What?!, Lovelite, Bar 1000, Kraftwerk Mitte, FluxBau, Bar 25, 90grad, Hotel Michelberger, Huxley\u00b4s, Festsaal Kreuzberg, Quasimodo, 2be Club, Solar Club, Privatclub, Kapital, Mauersegler, Icon uvm\u2026<\/p>\n<\/div><\/div><\/div><\/div><\/div>","protected":false},"excerpt":{"rendered":"","protected":false},"author":1,"featured_media":0,"parent":17,"menu_order":0,"comment_status":"closed","ping_status":"closed","template":"","meta":{"_bbp_topic_count":0,"_bbp_reply_count":0,"_bbp_total_topic_count":0,"_bbp_total_reply_count":0,"_bbp_voice_count":0,"_bbp_anonymous_reply_count":0,"_bbp_topic_count_hidden":0,"_bbp_reply_count_hidden":0,"_bbp_forum_subforum_count":0,"footnotes":""},"class_list":["post-41","page","type-page","status-publish","hentry"],"yoast_head":"<!-- This site is optimized with the Yoast SEO plugin v27.4 - https:\/\/yoast.com\/product\/yoast-seo-wordpress\/ -->\n<title>DJ FIKS - DJ FIKS<\/title>\n<meta name=\"robots\" content=\"index, follow, max-snippet:-1, max-image-preview:large, max-video-preview:-1\" \/>\n<link rel=\"canonical\" href=\"https:\/\/www.djfiks.de\/en\/\" \/>\n<meta property=\"og:locale\" content=\"en_US\" \/>\n<meta property=\"og:type\" content=\"article\" \/>\n<meta property=\"og:title\" content=\"DJ FIKS - DJ FIKS\" \/>\n<meta property=\"og:url\" content=\"https:\/\/www.djfiks.de\/en\/\" \/>\n<meta property=\"og:site_name\" content=\"DJ FIKS\" \/>\n<meta property=\"article:modified_time\" content=\"2026-02-23T08:47:34+00:00\" \/>\n<meta property=\"og:image\" content=\"http:\/\/www.djfiks.de\/wp-content\/uploads\/2017\/02\/dj-fiks.jpg\" \/>\n<meta name=\"twitter:card\" content=\"summary_large_image\" \/>\n<meta name=\"twitter:label1\" content=\"Est. reading time\" \/>\n\t<meta name=\"twitter:data1\" content=\"4 minutes\" \/>\n<!-- \/ Yoast SEO plugin. -->","yoast_head_json":{"title":"DJ FIKS - DJ FIKS","robots":{"index":"index","follow":"follow","max-snippet":"max-snippet:-1","max-image-preview":"max-image-preview:large","max-video-preview":"max-video-preview:-1"},"canonical":"https:\/\/www.djfiks.de\/en\/","og_locale":"en_US","og_type":"article","og_title":"DJ FIKS - DJ FIKS","og_url":"https:\/\/www.djfiks.de\/en\/","og_site_name":"DJ FIKS","article_modified_time":"2026-02-23T08:47:34+00:00","og_image":[{"url":"http:\/\/www.djfiks.de\/wp-content\/uploads\/2017\/02\/dj-fiks.jpg","type":"","width":"","height":""}],"twitter_card":"summary_large_image","twitter_misc":{"Est. reading time":"4 minutes"},"schema":{"@context":"https:\/\/schema.org","@graph":[{"@type":"WebPage","@id":"https:\/\/www.djfiks.de\/","url":"https:\/\/www.djfiks.de\/","name":"DJ FIKS - DJ FIKS","isPartOf":{"@id":"https:\/\/www.djfiks.de\/#website"},"primaryImageOfPage":{"@id":"https:\/\/www.djfiks.de\/#primaryimage"},"image":{"@id":"https:\/\/www.djfiks.de\/#primaryimage"},"thumbnailUrl":"http:\/\/www.djfiks.de\/wp-content\/uploads\/2017\/02\/dj-fiks.jpg","datePublished":"2017-02-11T14:20:44+00:00","dateModified":"2026-02-23T08:47:34+00:00","breadcrumb":{"@id":"https:\/\/www.djfiks.de\/#breadcrumb"},"inLanguage":"en-US","potentialAction":[{"@type":"ReadAction","target":["https:\/\/www.djfiks.de\/"]}]},{"@type":"ImageObject","inLanguage":"en-US","@id":"https:\/\/www.djfiks.de\/#primaryimage","url":"http:\/\/www.djfiks.de\/wp-content\/uploads\/2017\/02\/dj-fiks.jpg","contentUrl":"http:\/\/www.djfiks.de\/wp-content\/uploads\/2017\/02\/dj-fiks.jpg"},{"@type":"BreadcrumbList","@id":"https:\/\/www.djfiks.de\/#breadcrumb","itemListElement":[{"@type":"ListItem","position":1,"name":"Startseite","item":"https:\/\/www.djfiks.de\/"},{"@type":"ListItem","position":2,"name":"HOME","item":"https:\/\/www.djfiks.de\/home\/"},{"@type":"ListItem","position":3,"name":"DJ FIKS"}]},{"@type":"WebSite","@id":"https:\/\/www.djfiks.de\/#website","url":"https:\/\/www.djfiks.de\/","name":"DJ FIKS","description":"DJ aus Berlin f\u00fcr Events aller Art","potentialAction":[{"@type":"SearchAction","target":{"@type":"EntryPoint","urlTemplate":"https:\/\/www.djfiks.de\/?s={search_term_string}"},"query-input":{"@type":"PropertyValueSpecification","valueRequired":true,"valueName":"search_term_string"}}],"inLanguage":"en-US"}]}},"_links":{"self":[{"href":"https:\/\/www.djfiks.de\/en\/wp-json\/wp\/v2\/pages\/41","targetHints":{"allow":["GET"]}}],"collection":[{"href":"https:\/\/www.djfiks.de\/en\/wp-json\/wp\/v2\/pages"}],"about":[{"href":"https:\/\/www.djfiks.de\/en\/wp-json\/wp\/v2\/types\/page"}],"author":[{"embeddable":true,"href":"https:\/\/www.djfiks.de\/en\/wp-json\/wp\/v2\/users\/1"}],"replies":[{"embeddable":true,"href":"https:\/\/www.djfiks.de\/en\/wp-json\/wp\/v2\/comments?post=41"}],"version-history":[{"count":10,"href":"https:\/\/www.djfiks.de\/en\/wp-json\/wp\/v2\/pages\/41\/revisions"}],"predecessor-version":[{"id":245,"href":"https:\/\/www.djfiks.de\/en\/wp-json\/wp\/v2\/pages\/41\/revisions\/245"}],"up":[{"embeddable":true,"href":"https:\/\/www.djfiks.de\/en\/wp-json\/wp\/v2\/pages\/17"}],"wp:attachment":[{"href":"https:\/\/www.djfiks.de\/en\/wp-json\/wp\/v2\/media?parent=41"}],"curies":[{"name":"wp","href":"https:\/\/api.w.org\/{rel}","templated":true}]}}